{"id":6,"date":"2024-07-01T20:09:38","date_gmt":"2024-07-01T20:09:38","guid":{"rendered":"https:\/\/brookfieldtaxplanning.com\/services\/"},"modified":"2026-02-09T16:43:09","modified_gmt":"2026-02-09T16:43:09","slug":"services","status":"publish","type":"page","link":"https:\/\/brookfieldtaxplanning.com\/espanol\/services\/","title":{"rendered":"Testimonios"},"content":{"rendered":"<div data-elementor-type=\"wp-post\" data-elementor-id=\"6\" class=\"elementor elementor-6\">\n\t\t\t\t<div class=\"elementor-element elementor-element-5b71b70 e-con-full e-flex e-con e-parent\" data-id=\"5b71b70\" data-element_type=\"container\" data-e-type=\"container\" data-settings=\"{&quot;background_background&quot;:&quot;classic&quot;}\">\n\t\t\t\t<div class=\"elementor-element elementor-element-777576a elementor-widget__width-auto elementor-widget elementor-widget-image\" data-id=\"777576a\" data-element_type=\"widget\" data-e-type=\"widget\" data-widget_type=\"image.default\">\n\t\t\t\t<div class=\"elementor-widget-container\">\n\t\t\t\t\t\t\t\t\t\t\t\t\t\t\t<img fetchpriority=\"high\" decoding=\"async\" width=\"768\" height=\"481\" src=\"https:\/\/brookfieldtaxplanning.com\/wp-content\/uploads\/2026\/02\/\u2014Pngtree\u2014five-star-rating-design_15415324-1-768x481.png\" class=\"attachment-medium_large size-medium_large wp-image-2298\" alt=\"\" srcset=\"https:\/\/brookfieldtaxplanning.com\/wp-content\/uploads\/2026\/02\/\u2014Pngtree\u2014five-star-rating-design_15415324-1-768x481.png 768w, https:\/\/brookfieldtaxplanning.com\/wp-content\/uploads\/2026\/02\/\u2014Pngtree\u2014five-star-rating-design_15415324-1-300x188.png 300w, https:\/\/brookfieldtaxplanning.com\/wp-content\/uploads\/2026\/02\/\u2014Pngtree\u2014five-star-rating-design_15415324-1-1024x641.png 1024w, https:\/\/brookfieldtaxplanning.com\/wp-content\/uploads\/2026\/02\/\u2014Pngtree\u2014five-star-rating-design_15415324-1-1536x962.png 1536w, https:\/\/brookfieldtaxplanning.com\/wp-content\/uploads\/2026\/02\/\u2014Pngtree\u2014five-star-rating-design_15415324-1-2048x1282.png 2048w, https:\/\/brookfieldtaxplanning.com\/wp-content\/uploads\/2026\/02\/\u2014Pngtree\u2014five-star-rating-design_15415324-1-18x12.png 18w\" sizes=\"(max-width: 768px) 100vw, 768px\" \/>\t\t\t\t\t\t\t\t\t\t\t\t\t\t\t<\/div>\n\t\t\t\t<\/div>\n\t\t\t\t<\/div>\n\t\t<div class=\"elementor-element elementor-element-d7240f4 e-flex e-con-boxed e-con e-parent\" data-id=\"d7240f4\" data-element_type=\"container\" data-e-type=\"container\">\n\t\t\t\t\t<div class=\"e-con-inner\">\n\t\t\t\t<div class=\"elementor-element elementor-element-53205b6 elementor-widget elementor-widget-heading\" data-id=\"53205b6\" data-element_type=\"widget\" data-e-type=\"widget\" data-widget_type=\"heading.default\">\n\t\t\t\t<div class=\"elementor-widget-container\">\n\t\t\t\t\t<h2 class=\"elementor-heading-title elementor-size-default\">TESTIMONIALS<\/h2>\t\t\t\t<\/div>\n\t\t\t\t<\/div>\n\t\t\t\t\t<\/div>\n\t\t\t\t<\/div>\n\t\t<div class=\"elementor-element elementor-element-dd50c70 e-flex e-con-boxed e-con e-parent\" data-id=\"dd50c70\" data-element_type=\"container\" data-e-type=\"container\">\n\t\t\t\t\t<div class=\"e-con-inner\">\n\t\t\t\t<div class=\"elementor-element elementor-element-c947326 elementor-widget elementor-widget-testimonial\" data-id=\"c947326\" data-element_type=\"widget\" data-e-type=\"widget\" data-widget_type=\"testimonial.default\">\n\t\t\t\t<div class=\"elementor-widget-container\">\n\t\t\t\t\t\t\t<div class=\"elementor-testimonial-wrapper\">\n\t\t\t\t\t\t\t<div class=\"elementor-testimonial-content\">Jeff has always been super helpful with our taxes. We searched for years, and finally, when we were faced with a complicated tax issue, we found him! He takes time researching issues that most probably would not. And finally, he is helping us go in a positive direction with our annual tax returns.<\/div>\n\t\t\t\n\t\t\t\t\t\t<div class=\"elementor-testimonial-meta elementor-has-image elementor-testimonial-image-position-aside\">\n\t\t\t\t<div class=\"elementor-testimonial-meta-inner\">\n\t\t\t\t\t\t\t\t\t\t\t<div class=\"elementor-testimonial-image\">\n\t\t\t\t\t\t\t<img decoding=\"async\" width=\"1280\" height=\"853\" src=\"https:\/\/brookfieldtaxplanning.com\/wp-content\/uploads\/2024\/07\/pexels-photo-1222271-1222271.jpg\" class=\"attachment-full size-full wp-image-1271\" alt=\"pexels-photo-1222271-1222271.jpg\" srcset=\"https:\/\/brookfieldtaxplanning.com\/wp-content\/uploads\/2024\/07\/pexels-photo-1222271-1222271.jpg 1280w, https:\/\/brookfieldtaxplanning.com\/wp-content\/uploads\/2024\/07\/pexels-photo-1222271-1222271-300x200.jpg 300w, https:\/\/brookfieldtaxplanning.com\/wp-content\/uploads\/2024\/07\/pexels-photo-1222271-1222271-1024x682.jpg 1024w, https:\/\/brookfieldtaxplanning.com\/wp-content\/uploads\/2024\/07\/pexels-photo-1222271-1222271-768x512.jpg 768w, https:\/\/brookfieldtaxplanning.com\/wp-content\/uploads\/2024\/07\/pexels-photo-1222271-1222271-18x12.jpg 18w\" sizes=\"(max-width: 1280px) 100vw, 1280px\" \/>\t\t\t\t\t\t<\/div>\n\t\t\t\t\t\n\t\t\t\t\t\t\t\t\t\t<div class=\"elementor-testimonial-details\">\n\t\t\t\t\t\t\t\t\t\t\t\t\t\t<div class=\"elementor-testimonial-name\">Jason Tatyum<\/div>\n\t\t\t\t\t\t\t\t\t\t\t\t\t\t\t\t\t\t\t<\/div>\n\t\t\t\t\t\t\t\t\t<\/div>\n\t\t\t<\/div>\n\t\t\t\t\t<\/div>\n\t\t\t\t\t\t<\/div>\n\t\t\t\t<\/div>\n\t\t\t\t\t<\/div>\n\t\t\t\t<\/div>\n\t\t<div class=\"elementor-element elementor-element-7987b71 e-flex e-con-boxed e-con e-parent\" data-id=\"7987b71\" data-element_type=\"container\" data-e-type=\"container\">\n\t\t\t\t\t<div class=\"e-con-inner\">\n\t\t\t\t<div class=\"elementor-element elementor-element-65f08f8 elementor-widget elementor-widget-testimonial\" data-id=\"65f08f8\" data-element_type=\"widget\" data-e-type=\"widget\" data-widget_type=\"testimonial.default\">\n\t\t\t\t<div class=\"elementor-widget-container\">\n\t\t\t\t\t\t\t<div class=\"elementor-testimonial-wrapper\">\n\t\t\t\t\t\t\t<div class=\"elementor-testimonial-content\">Hemos utilizado Brookfield Financial para nuestros impuestos personales y comerciales, as\u00ed como para nuestros planificadores de jubilaci\u00f3n. \u00a1El servicio ha sido excelente! Jeff y Jana saben mucho de lo que hacen. <\/div>\n\t\t\t\n\t\t\t\t\t\t<div class=\"elementor-testimonial-meta elementor-has-image elementor-testimonial-image-position-aside\">\n\t\t\t\t<div class=\"elementor-testimonial-meta-inner\">\n\t\t\t\t\t\t\t\t\t\t\t<div class=\"elementor-testimonial-image\">\n\t\t\t\t\t\t\t<img decoding=\"async\" width=\"1280\" height=\"853\" src=\"https:\/\/brookfieldtaxplanning.com\/wp-content\/uploads\/2024\/07\/pexels-photo-1197132-1197132.jpg\" class=\"attachment-full size-full wp-image-1286\" alt=\"pexels-photo-1197132-1197132.jpg\" srcset=\"https:\/\/brookfieldtaxplanning.com\/wp-content\/uploads\/2024\/07\/pexels-photo-1197132-1197132.jpg 1280w, https:\/\/brookfieldtaxplanning.com\/wp-content\/uploads\/2024\/07\/pexels-photo-1197132-1197132-300x200.jpg 300w, https:\/\/brookfieldtaxplanning.com\/wp-content\/uploads\/2024\/07\/pexels-photo-1197132-1197132-1024x682.jpg 1024w, https:\/\/brookfieldtaxplanning.com\/wp-content\/uploads\/2024\/07\/pexels-photo-1197132-1197132-768x512.jpg 768w, https:\/\/brookfieldtaxplanning.com\/wp-content\/uploads\/2024\/07\/pexels-photo-1197132-1197132-18x12.jpg 18w\" sizes=\"(max-width: 1280px) 100vw, 1280px\" \/>\t\t\t\t\t\t<\/div>\n\t\t\t\t\t\n\t\t\t\t\t\t\t\t\t\t<div class=\"elementor-testimonial-details\">\n\t\t\t\t\t\t\t\t\t\t\t\t\t\t<div class=\"elementor-testimonial-name\">Lisa C. <\/div>\n\t\t\t\t\t\t\t\t\t\t\t\t\t\t\t\t\t\t\t<\/div>\n\t\t\t\t\t\t\t\t\t<\/div>\n\t\t\t<\/div>\n\t\t\t\t\t<\/div>\n\t\t\t\t\t\t<\/div>\n\t\t\t\t<\/div>\n\t\t\t\t\t<\/div>\n\t\t\t\t<\/div>\n\t\t<div class=\"elementor-element elementor-element-16957bf e-flex e-con-boxed e-con e-parent\" data-id=\"16957bf\" data-element_type=\"container\" data-e-type=\"container\">\n\t\t\t\t\t<div class=\"e-con-inner\">\n\t\t\t\t<div class=\"elementor-element elementor-element-1c61bed elementor-widget elementor-widget-testimonial\" data-id=\"1c61bed\" data-element_type=\"widget\" data-e-type=\"widget\" data-widget_type=\"testimonial.default\">\n\t\t\t\t<div class=\"elementor-widget-container\">\n\t\t\t\t\t\t\t<div class=\"elementor-testimonial-wrapper\">\n\t\t\t\t\t\t\t<div class=\"elementor-testimonial-content\">Jeff ha sido de gran ayuda con nuestros impuestos desde que compr\u00f3 la empresa hace un par de a\u00f1os. Cuando tuvimos problemas fiscales complicados de a\u00f1os anteriores, lo encontramos. Se toma tiempo investigando temas que probablemente no lo har\u00eda. Y, por \u00faltimo, nos est\u00e1 ayudando a ir en una direcci\u00f3n positiva con nuestras declaraciones de impuestos anuales. Tambi\u00e9n nos est\u00e1 poniendo en una mejor posici\u00f3n financiera al trabajar en nuestras proyecciones fiscales y planificaci\u00f3n financiera. <\/div>\n\t\t\t\n\t\t\t\t\t\t<div class=\"elementor-testimonial-meta elementor-has-image elementor-testimonial-image-position-aside\">\n\t\t\t\t<div class=\"elementor-testimonial-meta-inner\">\n\t\t\t\t\t\t\t\t\t\t\t<div class=\"elementor-testimonial-image\">\n\t\t\t\t\t\t\t<img loading=\"lazy\" decoding=\"async\" width=\"150\" height=\"150\" src=\"https:\/\/brookfieldtaxplanning.com\/wp-content\/uploads\/2024\/07\/pexels-photo-6787970-6787970-150x150.jpg\" class=\"attachment-thumbnail size-thumbnail wp-image-1290\" alt=\"pexels-photo-6787970-6787970.jpg\" \/>\t\t\t\t\t\t<\/div>\n\t\t\t\t\t\n\t\t\t\t\t\t\t\t\t\t<div class=\"elementor-testimonial-details\">\n\t\t\t\t\t\t\t\t\t\t\t\t\t\t<div class=\"elementor-testimonial-name\">Mr &amp; Mrs Licea<\/div>\n\t\t\t\t\t\t\t\t\t\t\t\t\t\t\t\t\t\t\t<\/div>\n\t\t\t\t\t\t\t\t\t<\/div>\n\t\t\t<\/div>\n\t\t\t\t\t<\/div>\n\t\t\t\t\t\t<\/div>\n\t\t\t\t<\/div>\n\t\t\t\t\t<\/div>\n\t\t\t\t<\/div>\n\t\t<div class=\"elementor-element elementor-element-bd46799 e-flex e-con-boxed e-con e-parent\" data-id=\"bd46799\" data-element_type=\"container\" data-e-type=\"container\">\n\t\t\t\t\t<div class=\"e-con-inner\">\n\t\t\t\t<div class=\"elementor-element elementor-element-c6c34c8 elementor-widget elementor-widget-testimonial\" data-id=\"c6c34c8\" data-element_type=\"widget\" data-e-type=\"widget\" data-widget_type=\"testimonial.default\">\n\t\t\t\t<div class=\"elementor-widget-container\">\n\t\t\t\t\t\t\t<div class=\"elementor-testimonial-wrapper\">\n\t\t\t\t\t\t\t<div class=\"elementor-testimonial-content\">Tuve una excelente experiencia con Jeff. Se tom\u00f3 el tiempo para comprender mis inquietudes y deseos, creando un plan personalizado que cubr\u00eda perfectamente mis necesidades. Su experiencia en planificaci\u00f3n fiscal me ahorr\u00f3 m\u00e1s de 5.000 d\u00f3lares en impuestos.<\/div>\n\t\t\t\n\t\t\t\t\t\t<div class=\"elementor-testimonial-meta elementor-has-image elementor-testimonial-image-position-aside\">\n\t\t\t\t<div class=\"elementor-testimonial-meta-inner\">\n\t\t\t\t\t\t\t\t\t\t\t<div class=\"elementor-testimonial-image\">\n\t\t\t\t\t\t\t<img loading=\"lazy\" decoding=\"async\" width=\"60\" height=\"60\" src=\"https:\/\/brookfieldtaxplanning.com\/wp-content\/uploads\/2024\/09\/nancy.png\" class=\"attachment-full size-full wp-image-1766\" alt=\"\" srcset=\"https:\/\/brookfieldtaxplanning.com\/wp-content\/uploads\/2024\/09\/nancy.png 60w, https:\/\/brookfieldtaxplanning.com\/wp-content\/uploads\/2024\/09\/nancy-12x12.png 12w\" sizes=\"(max-width: 60px) 100vw, 60px\" \/>\t\t\t\t\t\t<\/div>\n\t\t\t\t\t\n\t\t\t\t\t\t\t\t\t<\/div>\n\t\t\t<\/div>\n\t\t\t\t\t<\/div>\n\t\t\t\t\t\t<\/div>\n\t\t\t\t<\/div>\n\t\t\t\t\t<\/div>\n\t\t\t\t<\/div>\n\t\t<div class=\"elementor-element elementor-element-e472de2 e-flex e-con-boxed e-con e-parent\" data-id=\"e472de2\" data-element_type=\"container\" data-e-type=\"container\">\n\t\t\t\t\t<div class=\"e-con-inner\">\n\t\t\t\t<div class=\"elementor-element elementor-element-2805137 elementor-widget elementor-widget-testimonial\" data-id=\"2805137\" data-element_type=\"widget\" data-e-type=\"widget\" data-widget_type=\"testimonial.default\">\n\t\t\t\t<div class=\"elementor-widget-container\">\n\t\t\t\t\t\t\t<div class=\"elementor-testimonial-wrapper\">\n\t\t\t\t\t\t\t<div class=\"elementor-testimonial-content\">Brookfield Tax Planning estaba muy bien informado y se asegur\u00f3 de que se atendieran mis necesidades fiscales. Fueron muy detallados y pacientes. Altamente recomendado.<\/div>\n\t\t\t\n\t\t\t\t\t\t<div class=\"elementor-testimonial-meta elementor-has-image elementor-testimonial-image-position-aside\">\n\t\t\t\t<div class=\"elementor-testimonial-meta-inner\">\n\t\t\t\t\t\t\t\t\t\t\t<div class=\"elementor-testimonial-image\">\n\t\t\t\t\t\t\t<img loading=\"lazy\" decoding=\"async\" width=\"60\" height=\"60\" src=\"https:\/\/brookfieldtaxplanning.com\/wp-content\/uploads\/2024\/09\/jose.png\" class=\"attachment-full size-full wp-image-1771\" alt=\"\" srcset=\"https:\/\/brookfieldtaxplanning.com\/wp-content\/uploads\/2024\/09\/jose.png 60w, https:\/\/brookfieldtaxplanning.com\/wp-content\/uploads\/2024\/09\/jose-12x12.png 12w\" sizes=\"(max-width: 60px) 100vw, 60px\" \/>\t\t\t\t\t\t<\/div>\n\t\t\t\t\t\n\t\t\t\t\t\t\t\t\t<\/div>\n\t\t\t<\/div>\n\t\t\t\t\t<\/div>\n\t\t\t\t\t\t<\/div>\n\t\t\t\t<\/div>\n\t\t\t\t\t<\/div>\n\t\t\t\t<\/div>\n\t\t<div class=\"elementor-element elementor-element-604525f e-flex e-con-boxed e-con e-parent\" data-id=\"604525f\" data-element_type=\"container\" data-e-type=\"container\" data-settings=\"{&quot;background_background&quot;:&quot;classic&quot;}\">\n\t\t\t\t\t<div class=\"e-con-inner\">\n\t\t\t\t<div class=\"elementor-element elementor-element-43e7be8 elementor-widget elementor-widget-testimonial\" data-id=\"43e7be8\" data-element_type=\"widget\" data-e-type=\"widget\" data-widget_type=\"testimonial.default\">\n\t\t\t\t<div class=\"elementor-widget-container\">\n\t\t\t\t\t\t\t<div class=\"elementor-testimonial-wrapper\">\n\t\t\t\t\t\t\t<div class=\"elementor-testimonial-content\">Perm\u00edtanme comenzar diciendo que Jeff y Jana han sido de gran ayuda en la preparaci\u00f3n de los informes financieros de mi empresa. Sus respuestas r\u00e1pidas y exhaustivas a todas mis preguntas y orientaci\u00f3n fueron reconfortantes para alguien como yo que no ten\u00eda experiencia financiera. Sus honorarios son muy asequibles en comparaci\u00f3n con otras empresas. (No creer\u00edas algunas estimaciones que recib\u00ed de algunas empresas. \u00a1Qu\u00e9 locura!)<\/div>\n\t\t\t\n\t\t\t\t\t\t<div class=\"elementor-testimonial-meta elementor-has-image elementor-testimonial-image-position-aside\">\n\t\t\t\t<div class=\"elementor-testimonial-meta-inner\">\n\t\t\t\t\t\t\t\t\t\t\t<div class=\"elementor-testimonial-image\">\n\t\t\t\t\t\t\t<img loading=\"lazy\" decoding=\"async\" width=\"2160\" height=\"1440\" src=\"https:\/\/brookfieldtaxplanning.com\/wp-content\/uploads\/2024\/09\/qtq80-h5fDnM.jpeg\" class=\"attachment-full size-full wp-image-1779\" alt=\"\" srcset=\"https:\/\/brookfieldtaxplanning.com\/wp-content\/uploads\/2024\/09\/qtq80-h5fDnM.jpeg 2160w, https:\/\/brookfieldtaxplanning.com\/wp-content\/uploads\/2024\/09\/qtq80-h5fDnM-300x200.jpeg 300w, https:\/\/brookfieldtaxplanning.com\/wp-content\/uploads\/2024\/09\/qtq80-h5fDnM-1024x683.jpeg 1024w, https:\/\/brookfieldtaxplanning.com\/wp-content\/uploads\/2024\/09\/qtq80-h5fDnM-768x512.jpeg 768w, https:\/\/brookfieldtaxplanning.com\/wp-content\/uploads\/2024\/09\/qtq80-h5fDnM-1536x1024.jpeg 1536w, https:\/\/brookfieldtaxplanning.com\/wp-content\/uploads\/2024\/09\/qtq80-h5fDnM-2048x1365.jpeg 2048w, https:\/\/brookfieldtaxplanning.com\/wp-content\/uploads\/2024\/09\/qtq80-h5fDnM-18x12.jpeg 18w\" sizes=\"(max-width: 2160px) 100vw, 2160px\" \/>\t\t\t\t\t\t<\/div>\n\t\t\t\t\t\n\t\t\t\t\t\t\t\t\t<\/div>\n\t\t\t<\/div>\n\t\t\t\t\t<\/div>\n\t\t\t\t\t\t<\/div>\n\t\t\t\t<\/div>\n\t\t\t\t\t<\/div>\n\t\t\t\t<\/div>\n\t\t<div class=\"elementor-element elementor-element-64a0585 e-flex e-con-boxed e-con e-parent\" data-id=\"64a0585\" data-element_type=\"container\" data-e-type=\"container\" data-settings=\"{&quot;background_background&quot;:&quot;classic&quot;}\">\n\t\t\t\t\t<div class=\"e-con-inner\">\n\t\t\t\t<div class=\"elementor-element elementor-element-4772d0c elementor-widget elementor-widget-testimonial\" data-id=\"4772d0c\" data-element_type=\"widget\" data-e-type=\"widget\" data-widget_type=\"testimonial.default\">\n\t\t\t\t<div class=\"elementor-widget-container\">\n\t\t\t\t\t\t\t<div class=\"elementor-testimonial-wrapper\">\n\t\t\t\t\t\t\t<div class=\"elementor-testimonial-content\">Estaba buscando a alguien que me ayudara con los impuestos personales\/comerciales y encontr\u00e9 a Jeff. Se acerc\u00f3 inmediatamente despu\u00e9s de solicitar una cotizaci\u00f3n y me ayud\u00f3 a aliviar mis preocupaciones de ayudarme a limpiar todo para mi situaci\u00f3n. Me gust\u00f3 que tuviera un enfoque moderno para hacer las cosas. Todo se hizo virtualmente, lo que lo hizo conveniente y ahorr\u00f3 tiempo. M\u00e1s tarde le ped\u00ed ayuda para otra petici\u00f3n personal y \u00e9l me ayud\u00f3 r\u00e1pida y felizmente. Apreci\u00e9 su disposici\u00f3n para ayudar y su accesibilidad; lo recomendar\u00eda 10\/10. \u00a1Gracias Jeff por tus servicios!<\/div>\n\t\t\t\n\t\t\t\t\t\t<div class=\"elementor-testimonial-meta elementor-has-image elementor-testimonial-image-position-aside\">\n\t\t\t\t<div class=\"elementor-testimonial-meta-inner\">\n\t\t\t\t\t\t\t\t\t\t\t<div class=\"elementor-testimonial-image\">\n\t\t\t\t\t\t\t<img loading=\"lazy\" decoding=\"async\" width=\"2160\" height=\"1440\" src=\"https:\/\/brookfieldtaxplanning.com\/wp-content\/uploads\/2024\/09\/qtq80-2Ra7QO.jpeg\" class=\"attachment-full size-full wp-image-1783\" alt=\"\" srcset=\"https:\/\/brookfieldtaxplanning.com\/wp-content\/uploads\/2024\/09\/qtq80-2Ra7QO.jpeg 2160w, https:\/\/brookfieldtaxplanning.com\/wp-content\/uploads\/2024\/09\/qtq80-2Ra7QO-300x200.jpeg 300w, https:\/\/brookfieldtaxplanning.com\/wp-content\/uploads\/2024\/09\/qtq80-2Ra7QO-1024x683.jpeg 1024w, https:\/\/brookfieldtaxplanning.com\/wp-content\/uploads\/2024\/09\/qtq80-2Ra7QO-768x512.jpeg 768w, https:\/\/brookfieldtaxplanning.com\/wp-content\/uploads\/2024\/09\/qtq80-2Ra7QO-1536x1024.jpeg 1536w, https:\/\/brookfieldtaxplanning.com\/wp-content\/uploads\/2024\/09\/qtq80-2Ra7QO-2048x1365.jpeg 2048w, https:\/\/brookfieldtaxplanning.com\/wp-content\/uploads\/2024\/09\/qtq80-2Ra7QO-18x12.jpeg 18w\" sizes=\"(max-width: 2160px) 100vw, 2160px\" \/>\t\t\t\t\t\t<\/div>\n\t\t\t\t\t\n\t\t\t\t\t\t\t\t\t<\/div>\n\t\t\t<\/div>\n\t\t\t\t\t<\/div>\n\t\t\t\t\t\t<\/div>\n\t\t\t\t<\/div>\n\t\t\t\t\t<\/div>\n\t\t\t\t<\/div>\n\t\t\t\t<\/div>","protected":false},"excerpt":{"rendered":"<p>TESTIMONIALS Jeff has always been super helpful with our taxes. We searched for years, and finally, when we were faced with a complicated tax issue, we found him! He takes time researching issues that most probably would not. And finally, he is helping us go in a positive direction with our annual tax returns. Jason [&hellip;]<\/p>\n","protected":false},"author":1,"featured_media":0,"parent":0,"menu_order":0,"comment_status":"closed","ping_status":"closed","template":"","meta":{"site-sidebar-layout":"no-sidebar","site-content-layout":"page-builder","ast-site-content-layout":"full-width-container","site-content-style":"unboxed","site-sidebar-style":"unboxed","ast-global-header-display":"","ast-banner-title-visibility":"","ast-main-header-display":"","ast-hfb-above-header-display":"","ast-hfb-below-header-display":"","ast-hfb-mobile-header-display":"","site-post-title":"disabled","ast-breadcrumbs-content":"","ast-featured-img":"disabled","footer-sml-layout":"","ast-disable-related-posts":"","theme-transparent-header-meta":"enabled","adv-header-id-meta":"","stick-header-meta":"","header-above-stick-meta":"","header-main-stick-meta":"","header-below-stick-meta":"","astra-migrate-meta-layouts":"set","ast-page-background-enabled":"default","ast-page-background-meta":{"desktop":{"background-color":"","background-image":"","background-repeat":"repeat","background-position":"center center","background-size":"auto","background-attachment":"scroll","background-type":"","background-media":"","overlay-type":"","overlay-color":"","overlay-opacity":"","overlay-gradient":""},"tablet":{"background-color":"","background-image":"","background-repeat":"repeat","background-position":"center center","background-size":"auto","background-attachment":"scroll","background-type":"","background-media":"","overlay-type":"","overlay-color":"","overlay-opacity":"","overlay-gradient":""},"mobile":{"background-color":"","background-image":"","background-repeat":"repeat","background-position":"center center","background-size":"auto","background-attachment":"scroll","background-type":"","background-media":"","overlay-type":"","overlay-color":"","overlay-opacity":"","overlay-gradient":""}},"ast-content-background-meta":{"desktop":{"background-color":"var(--ast-global-color-5)","background-image":"","background-repeat":"repeat","background-position":"center center","background-size":"auto","background-attachment":"scroll","background-type":"","background-media":"","overlay-type":"","overlay-color":"","overlay-opacity":"","overlay-gradient":""},"tablet":{"background-color":"var(--ast-global-color-5)","background-image":"","background-repeat":"repeat","background-position":"center center","background-size":"auto","background-attachment":"scroll","background-type":"","background-media":"","overlay-type":"","overlay-color":"","overlay-opacity":"","overlay-gradient":""},"mobile":{"background-color":"var(--ast-global-color-5)","background-image":"","background-repeat":"repeat","background-position":"center center","background-size":"auto","background-attachment":"scroll","background-type":"","background-media":"","overlay-type":"","overlay-color":"","overlay-opacity":"","overlay-gradient":""}},"footnotes":""},"class_list":["post-6","page","type-page","status-publish","hentry"],"_links":{"self":[{"href":"https:\/\/brookfieldtaxplanning.com\/espanol\/wp-json\/wp\/v2\/pages\/6","targetHints":{"allow":["GET"]}}],"collection":[{"href":"https:\/\/brookfieldtaxplanning.com\/espanol\/wp-json\/wp\/v2\/pages"}],"about":[{"href":"https:\/\/brookfieldtaxplanning.com\/espanol\/wp-json\/wp\/v2\/types\/page"}],"author":[{"embeddable":true,"href":"https:\/\/brookfieldtaxplanning.com\/espanol\/wp-json\/wp\/v2\/users\/1"}],"replies":[{"embeddable":true,"href":"https:\/\/brookfieldtaxplanning.com\/espanol\/wp-json\/wp\/v2\/comments?post=6"}],"version-history":[{"count":103,"href":"https:\/\/brookfieldtaxplanning.com\/espanol\/wp-json\/wp\/v2\/pages\/6\/revisions"}],"predecessor-version":[{"id":2301,"href":"https:\/\/brookfieldtaxplanning.com\/espanol\/wp-json\/wp\/v2\/pages\/6\/revisions\/2301"}],"wp:attachment":[{"href":"https:\/\/brookfieldtaxplanning.com\/espanol\/wp-json\/wp\/v2\/media?parent=6"}],"curies":[{"name":"wp","href":"https:\/\/api.w.org\/{rel}","templated":true}]}}