{"id":2481,"date":"2026-04-08T19:32:49","date_gmt":"2026-04-08T19:32:49","guid":{"rendered":"https:\/\/brookfieldtaxplanning.com\/?page_id=2481"},"modified":"2026-04-08T19:33:16","modified_gmt":"2026-04-08T19:33:16","slug":"brookfield-tax-planning-process","status":"publish","type":"page","link":"https:\/\/brookfieldtaxplanning.com\/espanol\/brookfield-tax-planning-process\/","title":{"rendered":"Brookfield Tax Planning Process"},"content":{"rendered":"<div data-elementor-type=\"wp-page\" data-elementor-id=\"2481\" class=\"elementor elementor-2481\">\n\t\t\t\t<div class=\"elementor-element elementor-element-e883765 e-flex e-con-boxed e-con e-parent\" data-id=\"e883765\" data-element_type=\"container\" data-e-type=\"container\">\n\t\t\t\t\t<div class=\"e-con-inner\">\n\t\t\t\t<div class=\"elementor-element elementor-element-f59c58d elementor-widget elementor-widget-heading\" data-id=\"f59c58d\" data-element_type=\"widget\" data-e-type=\"widget\" data-widget_type=\"heading.default\">\n\t\t\t\t<div class=\"elementor-widget-container\">\n\t\t\t\t\t<h2 class=\"elementor-heading-title elementor-size-default\">Brookfield Tax Planning Process<\/h2>\t\t\t\t<\/div>\n\t\t\t\t<\/div>\n\t\t\t\t\t<\/div>\n\t\t\t\t<\/div>\n\t\t<div class=\"elementor-element elementor-element-c35c246 e-flex e-con-boxed e-con e-parent\" data-id=\"c35c246\" data-element_type=\"container\" data-e-type=\"container\">\n\t\t\t\t\t<div class=\"e-con-inner\">\n\t\t\t\t<div class=\"elementor-element elementor-element-3f63be2 elementor-widget elementor-widget-video\" data-id=\"3f63be2\" data-element_type=\"widget\" data-e-type=\"widget\" data-settings=\"{&quot;youtube_url&quot;:&quot;https:\\\/\\\/youtu.be\\\/87FCVbFN-fs&quot;,&quot;video_type&quot;:&quot;youtube&quot;,&quot;controls&quot;:&quot;yes&quot;}\" data-widget_type=\"video.default\">\n\t\t\t\t<div class=\"elementor-widget-container\">\n\t\t\t\t\t\t\t<div class=\"elementor-wrapper elementor-open-inline\">\n\t\t\t<div class=\"elementor-video\"><\/div>\t\t<\/div>\n\t\t\t\t\t\t<\/div>\n\t\t\t\t<\/div>\n\t\t\t\t\t<\/div>\n\t\t\t\t<\/div>\n\t\t<div class=\"elementor-element elementor-element-9f7c6ba e-flex e-con-boxed e-con e-parent\" data-id=\"9f7c6ba\" data-element_type=\"container\" data-e-type=\"container\">\n\t\t\t\t\t<div class=\"e-con-inner\">\n\t\t\t\t<div class=\"elementor-element elementor-element-a6e391e elementor-widget elementor-widget-text-editor\" data-id=\"a6e391e\" data-element_type=\"widget\" data-e-type=\"widget\" data-widget_type=\"text-editor.default\">\n\t\t\t\t<div class=\"elementor-widget-container\">\n\t\t\t\t\t\t\t\t\t<p class=\"has-text-align-left\"><strong>Los siguientes son los pasos necesarios para ayudarle a crear un plan INTEGRAL para coordinar todas sus finanzas:<\/strong><\/p>\n<ul class=\"wp-block-list\">\n<li style=\"list-style-type: none;\">\n<ul class=\"wp-block-list\">\n<li><strong>Reducir significativamente los impuestos sobre la renta ahora y en el futuro<\/strong><\/li>\n<\/ul>\n<\/li>\n<\/ul>\n<p><strong><\/strong><\/p>\n<p><strong><\/strong><\/p>\n<ul class=\"wp-block-list\">\n<li style=\"list-style-type: none;\">\n<ul class=\"wp-block-list\">\n<li><strong>Proporcione una revisi\u00f3n objetiva de su situaci\u00f3n financiera (segunda opini\u00f3n)<\/strong><\/li>\n<\/ul>\n<\/li>\n<\/ul>\n<p><strong><\/strong><\/p>\n<p><strong><\/strong><\/p>\n<ul class=\"wp-block-list\">\n<li style=\"list-style-type: none;\">\n<ul class=\"wp-block-list\">\n<li><strong>Proporcionar ingresos suficientes para vivir c\u00f3modamente y sin preocupaciones<\/strong><\/li>\n<\/ul>\n<\/li>\n<\/ul>\n<p><strong><\/strong><\/p>\n<p><strong><\/strong><\/p>\n<ul class=\"wp-block-list\">\n<li style=\"list-style-type: none;\">\n<ul class=\"wp-block-list\">\n<li><strong>Aseg\u00farese de que su dinero est\u00e9 seguro y pueda mantenerse al d\u00eda con la inflaci\u00f3n<\/strong><\/li>\n<\/ul>\n<\/li>\n<\/ul>\n<p><strong><\/strong><\/p>\n<p><strong><\/strong><\/p>\n<ul class=\"wp-block-list\">\n<li style=\"list-style-type: none;\">\n<ul class=\"wp-block-list\">\n<li><strong>Coordine el conocimiento de sus opciones para poder tomar decisiones financieras informadas... en lugar de adivinar o improvisar.<\/strong><\/li>\n<\/ul>\n<\/li>\n<\/ul>\n<p><strong><\/strong><\/p>\n<p><strong>Estos son los pasos involucrados en el proceso de planificaci\u00f3n.<\/strong><\/p>\n<p><strong>\u00a01. Tenga una reuni\u00f3n para discutir sus metas, preocupaciones, familia, negocios (si corresponde) y planes para el futuro.<\/strong><\/p>\n<p><strong>\u00a02. Obtenga copias de sus cuentas financieras\/estados de activos m\u00e1s recientes, incluidos, entre otros:\u00a0<\/strong><\/p>\n<ul class=\"wp-block-list\">\n<li style=\"list-style-type: none;\">\n<ul class=\"wp-block-list\">\n<li><strong>Declaraciones de impuestos<\/strong><\/li>\n<\/ul>\n<\/li>\n<\/ul>\n<p><strong><\/strong><\/p>\n<p><strong><\/strong><\/p>\n<ul class=\"wp-block-list\">\n<li style=\"list-style-type: none;\">\n<ul class=\"wp-block-list\">\n<li><strong>Declaraciones de Corretaje<\/strong><\/li>\n<\/ul>\n<\/li>\n<\/ul>\n<p><strong><\/strong><\/p>\n<p><strong><\/strong><\/p>\n<ul class=\"wp-block-list\">\n<li style=\"list-style-type: none;\">\n<ul class=\"wp-block-list\">\n<li><strong>IRA, 401(k), Otros Planes de Jubilaci\u00f3n<\/strong><\/li>\n<\/ul>\n<\/li>\n<\/ul>\n<p><strong><\/strong><\/p>\n<p><strong><\/strong><\/p>\n<ul class=\"wp-block-list\">\n<li style=\"list-style-type: none;\">\n<ul class=\"wp-block-list\">\n<li><strong>Propiedad inmobiliaria (valor\/pr\u00e9stamos)<\/strong><\/li>\n<\/ul>\n<\/li>\n<\/ul>\n<p><strong><\/strong><\/p>\n<p><strong><\/strong><\/p>\n<ul class=\"wp-block-list\">\n<li style=\"list-style-type: none;\">\n<ul class=\"wp-block-list\">\n<li><strong>Cuentas de efectivo (corrientes, certificados de dep\u00f3sito (CD), mercados monetarios, ahorros, letras del tesoro, etc.)<\/strong><\/li>\n<\/ul>\n<\/li>\n<\/ul>\n<p><strong><\/strong><\/p>\n<p><strong><\/strong><\/p>\n<ul class=\"wp-block-list\">\n<li style=\"list-style-type: none;\">\n<ul class=\"wp-block-list\">\n<li><strong>Seguros de vida, anualidades<\/strong><\/li>\n<\/ul>\n<\/li>\n<\/ul>\n<p><strong><\/strong><\/p>\n<p><strong><\/strong><\/p>\n<ul class=\"wp-block-list\">\n<li style=\"list-style-type: none;\">\n<ul class=\"wp-block-list\">\n<li><strong>Declaraci\u00f3n de p\u00e9rdidas y ganancias del negocio (si corresponde)<\/strong><\/li>\n<\/ul>\n<\/li>\n<\/ul>\n<p><strong><\/strong><\/p>\n<p><strong><\/strong><\/p>\n<ul class=\"wp-block-list\">\n<li style=\"list-style-type: none;\">\n<ul class=\"wp-block-list\">\n<li><strong>Cualquier otro activo o pasivo<\/strong><\/li>\n<\/ul>\n<\/li>\n<\/ul>\n<p><strong><\/strong><\/p>\n<p><strong>\u00a03. Una vez que entendamos sus objetivos e inquietudes financieras, y tengamos la informaci\u00f3n financiera... prepararemos un plan escrito para usted para brindarle opciones y posibles soluciones para abordar cualquier problema que deba actualizarse.<\/strong><\/p>\n<p><strong>\u00a04. Nos reuniremos para revisar el plan, discutir las opciones que tiene, modificar el plan si es necesario... y ayudarlo a implementar las recomendaciones del plan que decida seguir.<\/strong><\/p>\n<p><strong>\u00a05. No utilizaremos ninguna presi\u00f3n de ventas ni otras t\u00e9cnicas de venta que todos odien. Todas tus decisiones son tuyas. Si decide implementar su plan, podemos ayudarlo con varios aspectos. Si decide no seguir nuestras sugerencias, esa es su determinaci\u00f3n.\u00a0<\/strong><\/p>\n<p class=\"has-text-align-center\"><strong>GIVE US A CALL NOW TO SCHEDULE YOUR FREE 2ND OPINION REVIEW!<\/strong><\/p>\n<p><strong><\/strong><\/p>\n<p><strong><\/strong><\/p>\n<p><strong><\/strong><\/p>\n<p><strong><\/strong><\/p>\n<p><strong><\/strong><\/p>\n<p><strong><\/strong><\/p>\n<p><strong><\/strong><\/p>\n<p><strong><\/strong><\/p>\n<p><strong><\/strong><\/p>\n<p><strong><\/strong><\/p>\n<p><strong><\/strong><\/p>\n<p><strong><\/strong><\/p>\n<p><strong><\/strong><\/p>\n<p><strong><\/strong><\/p>\n<p><strong><\/strong><\/p>\n<p><strong><\/strong><\/p>\n<p><strong><\/strong><\/p>\n<p><strong><\/strong><\/p>\n<p><strong><\/strong><\/p>\n<p><strong><\/strong><\/p>\n<p><strong><\/strong><\/p>\n<p><strong><\/strong><\/p>\n<p class=\"has-text-align-center\"><strong>708-485-3439<\/strong><\/p>\t\t\t\t\t\t\t\t<\/div>\n\t\t\t\t<\/div>\n\t\t\t\t\t<\/div>\n\t\t\t\t<\/div>\n\t\t\t\t<\/div>","protected":false},"excerpt":{"rendered":"<p>Brookfield Tax Planning Process https:\/\/youtu.be\/87FCVbFN-fs The following items are the steps involved in assisting you with creating a COMPREHENSIVE plan to coordinate all your finances: Here are the steps involved in the planning process. \u00a01. Have a meeting to discuss your goals, worries, family, business (if applicable), and plans for the future. \u00a02. Obtain copies [&hellip;]<\/p>\n","protected":false},"author":1,"featured_media":0,"parent":0,"menu_order":0,"comment_status":"closed","ping_status":"closed","template":"","meta":{"site-sidebar-layout":"no-sidebar","site-content-layout":"page-builder","ast-site-content-layout":"full-width-container","site-content-style":"default","site-sidebar-style":"default","ast-global-header-display":"disabled","ast-banner-title-visibility":"","ast-main-header-display":"","ast-hfb-above-header-display":"","ast-hfb-below-header-display":"","ast-hfb-mobile-header-display":"","site-post-title":"","ast-breadcrumbs-content":"","ast-featured-img":"disabled","footer-sml-layout":"","ast-disable-related-posts":"","theme-transparent-header-meta":"","adv-header-id-meta":"","stick-header-meta":"","header-above-stick-meta":"","header-main-stick-meta":"","header-below-stick-meta":"","astra-migrate-meta-layouts":"set","ast-page-background-enabled":"default","ast-page-background-meta":{"desktop":{"background-color":"","background-image":"","background-repeat":"repeat","background-position":"center center","background-size":"auto","background-attachment":"scroll","background-type":"","background-media":"","overlay-type":"","overlay-color":"","overlay-opacity":"","overlay-gradient":""},"tablet":{"background-color":"","background-image":"","background-repeat":"repeat","background-position":"center center","background-size":"auto","background-attachment":"scroll","background-type":"","background-media":"","overlay-type":"","overlay-color":"","overlay-opacity":"","overlay-gradient":""},"mobile":{"background-color":"","background-image":"","background-repeat":"repeat","background-position":"center center","background-size":"auto","background-attachment":"scroll","background-type":"","background-media":"","overlay-type":"","overlay-color":"","overlay-opacity":"","overlay-gradient":""}},"ast-content-background-meta":{"desktop":{"background-color":"var(--ast-global-color-5)","background-image":"","background-repeat":"repeat","background-position":"center center","background-size":"auto","background-attachment":"scroll","background-type":"","background-media":"","overlay-type":"","overlay-color":"","overlay-opacity":"","overlay-gradient":""},"tablet":{"background-color":"var(--ast-global-color-5)","background-image":"","background-repeat":"repeat","background-position":"center center","background-size":"auto","background-attachment":"scroll","background-type":"","background-media":"","overlay-type":"","overlay-color":"","overlay-opacity":"","overlay-gradient":""},"mobile":{"background-color":"var(--ast-global-color-5)","background-image":"","background-repeat":"repeat","background-position":"center center","background-size":"auto","background-attachment":"scroll","background-type":"","background-media":"","overlay-type":"","overlay-color":"","overlay-opacity":"","overlay-gradient":""}},"footnotes":""},"class_list":["post-2481","page","type-page","status-publish","hentry"],"_links":{"self":[{"href":"https:\/\/brookfieldtaxplanning.com\/espanol\/wp-json\/wp\/v2\/pages\/2481","targetHints":{"allow":["GET"]}}],"collection":[{"href":"https:\/\/brookfieldtaxplanning.com\/espanol\/wp-json\/wp\/v2\/pages"}],"about":[{"href":"https:\/\/brookfieldtaxplanning.com\/espanol\/wp-json\/wp\/v2\/types\/page"}],"author":[{"embeddable":true,"href":"https:\/\/brookfieldtaxplanning.com\/espanol\/wp-json\/wp\/v2\/users\/1"}],"replies":[{"embeddable":true,"href":"https:\/\/brookfieldtaxplanning.com\/espanol\/wp-json\/wp\/v2\/comments?post=2481"}],"version-history":[{"count":8,"href":"https:\/\/brookfieldtaxplanning.com\/espanol\/wp-json\/wp\/v2\/pages\/2481\/revisions"}],"predecessor-version":[{"id":2490,"href":"https:\/\/brookfieldtaxplanning.com\/espanol\/wp-json\/wp\/v2\/pages\/2481\/revisions\/2490"}],"wp:attachment":[{"href":"https:\/\/brookfieldtaxplanning.com\/espanol\/wp-json\/wp\/v2\/media?parent=2481"}],"curies":[{"name":"wp","href":"https:\/\/api.w.org\/{rel}","templated":true}]}}